{"id":2,"date":"2020-10-01T07:06:06","date_gmt":"2020-10-01T07:06:06","guid":{"rendered":"http:\/\/www.home2clo.technopymescr.com\/cl\/?page_id=2"},"modified":"2020-10-09T08:11:08","modified_gmt":"2020-10-09T08:11:08","slug":"sample-page","status":"publish","type":"page","link":"https:\/\/www.home2clo.technopymescr.com\/cl\/sample-page\/","title":{"rendered":"Sobre nosotros"},"content":{"rendered":"<p><img loading=\"lazy\" decoding=\"async\" class=\"size-medium wp-image-262 alignleft\" src=\"https:\/\/www.home2clo.technopymescr.com\/cl\/wp-content\/uploads\/2020\/10\/2-300x251.png\" alt=\"\" width=\"300\" height=\"251\" srcset=\"https:\/\/www.home2clo.technopymescr.com\/cl\/wp-content\/uploads\/2020\/10\/2-300x251.png 300w, https:\/\/www.home2clo.technopymescr.com\/cl\/wp-content\/uploads\/2020\/10\/2-768x644.png 768w, https:\/\/www.home2clo.technopymescr.com\/cl\/wp-content\/uploads\/2020\/10\/2.png 940w\" sizes=\"auto, (max-width: 300px) 100vw, 300px\" \/><\/p>\n<p>La Transformaci\u00f3n Digital es nuestra pasi\u00f3n!! No hay nada que nos guste m\u00e1s que el ver crecer una pymes un proyecto, tu sue\u00f1o&#8230; por eso estamos aqu\u00ed, esta es nuestra raz\u00f3n de ser, mediante herramientas tecnol\u00f3gicas como ERP, CRM, TPV \u201cpuntos de venta\u201d entre muchos otros y su integraci\u00f3n transformamos los procesos de las diferentes \u00e1reas de tu negocio, para potenciar y maximizar su rendimiento de la forma m\u00e1s eficiente y eficaz!! contactenos, le estamos esperando&#8230;<\/p>\n","protected":false},"excerpt":{"rendered":"<p>La Transformaci\u00f3n Digital es nuestra pasi\u00f3n!! No hay nada que nos guste m\u00e1s que el ver crecer una pymes un proyecto, tu sue\u00f1o&#8230; por eso estamos aqu\u00ed, esta es nuestra raz\u00f3n de ser, mediante herramientas tecnol\u00f3gicas como ERP, CRM, TPV \u201cpuntos de venta\u201d entre muchos otros y su integraci\u00f3n transformamos los procesos de las diferentes [&hellip;]<\/p>\n","protected":false},"author":1,"featured_media":0,"parent":0,"menu_order":0,"comment_status":"closed","ping_status":"open","template":"","meta":{"footnotes":""},"class_list":["post-2","page","type-page","status-publish","hentry"],"_links":{"self":[{"href":"https:\/\/www.home2clo.technopymescr.com\/cl\/wp-json\/wp\/v2\/pages\/2","targetHints":{"allow":["GET"]}}],"collection":[{"href":"https:\/\/www.home2clo.technopymescr.com\/cl\/wp-json\/wp\/v2\/pages"}],"about":[{"href":"https:\/\/www.home2clo.technopymescr.com\/cl\/wp-json\/wp\/v2\/types\/page"}],"author":[{"embeddable":true,"href":"https:\/\/www.home2clo.technopymescr.com\/cl\/wp-json\/wp\/v2\/users\/1"}],"replies":[{"embeddable":true,"href":"https:\/\/www.home2clo.technopymescr.com\/cl\/wp-json\/wp\/v2\/comments?post=2"}],"version-history":[{"count":4,"href":"https:\/\/www.home2clo.technopymescr.com\/cl\/wp-json\/wp\/v2\/pages\/2\/revisions"}],"predecessor-version":[{"id":395,"href":"https:\/\/www.home2clo.technopymescr.com\/cl\/wp-json\/wp\/v2\/pages\/2\/revisions\/395"}],"wp:attachment":[{"href":"https:\/\/www.home2clo.technopymescr.com\/cl\/wp-json\/wp\/v2\/media?parent=2"}],"curies":[{"name":"wp","href":"https:\/\/api.w.org\/{rel}","templated":true}]}}